{"id":189,"date":"2017-01-11T18:50:27","date_gmt":"2017-01-11T17:50:27","guid":{"rendered":"http:\/\/praticiennarratif.com\/?page_id=189"},"modified":"2017-01-16T09:54:39","modified_gmt":"2017-01-16T08:54:39","slug":"qui-suis-je-achhhhhhhhhh","status":"publish","type":"page","link":"http:\/\/praticiennarratif.com\/index.php\/qui-suis-je-achhhhhhhhhh\/","title":{"rendered":"Qui suis-je ? (Achhhhhhhhhh)"},"content":{"rendered":"<p><img loading=\"lazy\" class=\"alignnone size-medium wp-image-12\" src=\"http:\/\/praticiennarratif.com\/wp-content\/uploads\/2016\/12\/IMG_7667-225x300.jpg\" alt=\"img_7667\" width=\"225\" height=\"300\" srcset=\"http:\/\/praticiennarratif.com\/wp-content\/uploads\/2016\/12\/IMG_7667-225x300.jpg 225w, http:\/\/praticiennarratif.com\/wp-content\/uploads\/2016\/12\/IMG_7667-768x1024.jpg 768w, http:\/\/praticiennarratif.com\/wp-content\/uploads\/2016\/12\/IMG_7667-113x150.jpg 113w, http:\/\/praticiennarratif.com\/wp-content\/uploads\/2016\/12\/IMG_7667-1000x1333.jpg 1000w\" sizes=\"(max-width: 225px) 100vw, 225px\" \/><\/p>\n<p>&nbsp;<\/p>\n<p>Allez, allez&#8230; on respire.. Qui suis-je ?<\/p>\n<p>Facile&#8230; suffit de rechercher une sorte de r\u00e9sum\u00e9 dans un dossier pas trop ancien d&rsquo;un projet de web-s\u00e9rie et voil\u00e0 hop, un premier coup\u00e9-coll\u00e9&#8230;<\/p>\n<p><strong>Olivier SAUVY<\/strong><\/p>\n<p>Journaliste freelance senior pour la presse professionnelle, je collabore r\u00e9guli\u00e8rement pour de nombreux magazines et notamment dans le domaine audiovisuel pour l\u2019Ina. A ce titre, j\u2019ai r\u00e9alis\u00e9 quantit\u00e9 de portraits et d\u2019interviews notamment une s\u00e9rie pour Audi Magazine. Dans le domaine du film documentaire, j\u2019ai r\u00e9alis\u00e9 l\u2019enqu\u00eate journalistique du documentaire \u00ab Prisons,\u00a0histoire d\u2019une faillite\u00a0\u00bb diffus\u00e9 en janvier 2010 sur France 5, r\u00e9alis\u00e9 par Philippe Pichon. J\u2019ai par ailleurs \u00e9labor\u00e9 plusieurs propositions \u00e9ditoriales de programmes transm\u00e9dias dont certains s\u2019articulent autour de mon projet de \u00ab\u00a0web-portraits\u00a0\u00bb, un concept dont je suis l\u2019auteur dont j\u2019ai d\u00e9pos\u00e9 la marque en 2009 et tourn\u00e9 un pilote en 2010. J\u2019ai depuis d\u00e9velopp\u00e9 plusieurs projets pour des structures de productions web et audiovisuelles.<\/p>\n<p>Et puis un autre&#8230; \ud83d\ude42<\/p>\n<p><strong>Chronologie \u00ab\u00a0artistique\u00a0\u00bb<\/strong><\/p>\n<p><strong>\u00a0<\/strong>1971\/1974\u00a0: Manager de groupes de musiciens.<\/p>\n<p>1974\/1975\u00a0:\u00a0Exp\u00e9riences th\u00e9\u00e2trales au Portugal pour des spectacles pour enfant avec Isabelle Soto (ex Magic Circus)<\/p>\n<p>1976\/1977\u00a0: Happening de rues avec Dominique Morin (demi- fr\u00e8re de Patrick Dewaere)<\/p>\n<p>1982\/1984\u00a0: Journaliste photographe freelance \u00e0 New-York sp\u00e9cialis\u00e9 dans la musique latino-am\u00e9ricaine.<\/p>\n<p>1990\/1996\u00a0: Co-\u00e9criture de romans pour la jeunesse avec Jean Sauvy publi\u00e9s chez Casterman (dans la collection Aventures \u00e0 construire) et chez l\u2019Harmattan.<\/p>\n<p>2001\/2002\u00a0: Formation \u00e0 l\u2019\u00e9criture de sc\u00e9nario \u00e0 Aleph Ecritures.<\/p>\n<p>2002\/2005\u00a0: Cr\u00e9ation et animation d\u2019un atelier \u00ab\u00a0clandestin\u00a0\u00bb de sc\u00e9narios (sans supervision). Co-\u00e9criture de diff\u00e9rents sc\u00e9narios.<\/p>\n<p>2005\/2008\u00a0: \u00ab\u00a0Script Doctor\u00a0\u00bb pour plusieurs projets artistiques (Fred Beno\u00eet\/photographe, Leo Koukissa\/peintre, Valentine Cohen et Damien Faure\/r\u00e9alisateurs)<\/p>\n<p>Rien d&rsquo;autre<\/p>\n<p>&nbsp;<\/p>\n<p>Ah si mon CV\/book de r\u00e9dacteur\/journaliste freelance sp\u00e9cialis\u00e9 dans la presse professionnel&#8230;<\/p>\n<p><a href=\"http:\/\/praticiennarratif.com\/wp-content\/uploads\/2017\/01\/CV-OS-2016.pdf\">CV OS 2016<\/a>\u00a0(cliquer sur le nom pour ouvrir le pdf)<\/p>\n<p>&nbsp;<\/p>\n<p>A suivre&#8230;<\/p>\n<p>&nbsp;<\/p>\n","protected":false},"excerpt":{"rendered":"<p>&nbsp; Allez, allez&#8230; on respire.. Qui suis-je ? Facile&#8230; suffit de rechercher une sorte de r\u00e9sum\u00e9 dans un dossier pas trop ancien d&rsquo;un projet de web-s\u00e9rie et voil\u00e0 hop, un premier coup\u00e9-coll\u00e9&#8230; Olivier SAUVY Journaliste freelance senior pour la presse professionnelle, je collabore r\u00e9guli\u00e8rement pour de nombreux magazines et notamment dans le domaine audiovisuel pour [&hellip;]<\/p>\n","protected":false},"author":1,"featured_media":0,"parent":0,"menu_order":0,"comment_status":"closed","ping_status":"closed","template":"","meta":[],"_links":{"self":[{"href":"http:\/\/praticiennarratif.com\/index.php\/wp-json\/wp\/v2\/pages\/189"}],"collection":[{"href":"http:\/\/praticiennarratif.com\/index.php\/wp-json\/wp\/v2\/pages"}],"about":[{"href":"http:\/\/praticiennarratif.com\/index.php\/wp-json\/wp\/v2\/types\/page"}],"author":[{"embeddable":true,"href":"http:\/\/praticiennarratif.com\/index.php\/wp-json\/wp\/v2\/users\/1"}],"replies":[{"embeddable":true,"href":"http:\/\/praticiennarratif.com\/index.php\/wp-json\/wp\/v2\/comments?post=189"}],"version-history":[{"count":5,"href":"http:\/\/praticiennarratif.com\/index.php\/wp-json\/wp\/v2\/pages\/189\/revisions"}],"predecessor-version":[{"id":277,"href":"http:\/\/praticiennarratif.com\/index.php\/wp-json\/wp\/v2\/pages\/189\/revisions\/277"}],"wp:attachment":[{"href":"http:\/\/praticiennarratif.com\/index.php\/wp-json\/wp\/v2\/media?parent=189"}],"curies":[{"name":"wp","href":"https:\/\/api.w.org\/{rel}","templated":true}]}}